{"id":15269,"date":"2025-08-25T11:33:47","date_gmt":"2025-08-25T11:33:47","guid":{"rendered":"https:\/\/alleanzacefalalgici.it\/?page_id=15269"},"modified":"2025-08-25T11:34:27","modified_gmt":"2025-08-25T11:34:27","slug":"mal-di-testa-podcast","status":"publish","type":"page","link":"https:\/\/alleanzacefalalgici.it\/?page_id=15269","title":{"rendered":"Mal di Testa &#8211; Podcast"},"content":{"rendered":"\t\t<div data-elementor-type=\"wp-page\" data-elementor-id=\"15269\" class=\"elementor elementor-15269\">\n\t\t\t\t<div class=\"elementor-element elementor-element-823c7b8 e-flex e-con-boxed wpr-particle-no wpr-jarallax-no wpr-parallax-no wpr-sticky-section-no e-con e-parent\" data-id=\"823c7b8\" data-element_type=\"container\">\n\t\t\t\t\t<div class=\"e-con-inner\">\n\t\t\t\t<div class=\"elementor-element elementor-element-50b6dcc elementor-widget elementor-widget-spacer\" data-id=\"50b6dcc\" data-element_type=\"widget\" data-widget_type=\"spacer.default\">\n\t\t\t\t<div class=\"elementor-widget-container\">\n\t\t\t\t\t\t\t<div class=\"elementor-spacer\">\n\t\t\t<div class=\"elementor-spacer-inner\"><\/div>\n\t\t<\/div>\n\t\t\t\t\t\t<\/div>\n\t\t\t\t<\/div>\n\t\t\t\t\t<\/div>\n\t\t\t\t<\/div>\n\t\t<div class=\"elementor-element elementor-element-48ca2c2 e-flex e-con-boxed wpr-particle-no wpr-jarallax-no wpr-parallax-no wpr-sticky-section-no e-con e-parent\" data-id=\"48ca2c2\" data-element_type=\"container\">\n\t\t\t\t\t<div class=\"e-con-inner\">\n\t\t\t\t<div class=\"elementor-element elementor-element-79ffbde elementor-widget elementor-widget-heading\" data-id=\"79ffbde\" data-element_type=\"widget\" data-widget_type=\"heading.default\">\n\t\t\t\t<div class=\"elementor-widget-container\">\n\t\t\t\t\t<h1 class=\"elementor-heading-title elementor-size-default\">Mal di testa: il primo podcast sull\u2019emicrania<\/h1>\t\t\t\t<\/div>\n\t\t\t\t<\/div>\n\t\t\t\t\t<\/div>\n\t\t\t\t<\/div>\n\t\t<div class=\"elementor-element elementor-element-b9afa8b e-flex e-con-boxed wpr-particle-no wpr-jarallax-no wpr-parallax-no wpr-sticky-section-no e-con e-parent\" data-id=\"b9afa8b\" data-element_type=\"container\">\n\t\t\t\t\t<div class=\"e-con-inner\">\n\t\t\t\t<div class=\"elementor-element elementor-element-f70e7f3 elementor-widget elementor-widget-spacer\" data-id=\"f70e7f3\" data-element_type=\"widget\" data-widget_type=\"spacer.default\">\n\t\t\t\t<div class=\"elementor-widget-container\">\n\t\t\t\t\t\t\t<div class=\"elementor-spacer\">\n\t\t\t<div class=\"elementor-spacer-inner\"><\/div>\n\t\t<\/div>\n\t\t\t\t\t\t<\/div>\n\t\t\t\t<\/div>\n\t\t\t\t\t<\/div>\n\t\t\t\t<\/div>\n\t\t<div class=\"elementor-element elementor-element-48b838f e-flex e-con-boxed wpr-particle-no wpr-jarallax-no wpr-parallax-no wpr-sticky-section-no e-con e-parent\" data-id=\"48b838f\" data-element_type=\"container\">\n\t\t\t\t\t<div class=\"e-con-inner\">\n\t\t\t\t<div class=\"elementor-element elementor-element-c4f7f13 elementor-widget elementor-widget-text-editor\" data-id=\"c4f7f13\" data-element_type=\"widget\" data-widget_type=\"text-editor.default\">\n\t\t\t\t<div class=\"elementor-widget-container\">\n\t\t\t\t\t\t\t\t\t<p><strong>Giuditta Pini<\/strong>, firmataria della legge sul riconoscimento dell\u2019emicrania come malattia sociale, e <strong>Cristina Tassorelli<\/strong>, Professoressa Ordinaria di Neurologia presso l\u2019Universit\u00e0 di Pavia, conducono il podcast a cui hanno preso parte <strong>Simona Guerzoni <\/strong>(farmacologa clinica), <strong>Veronika Logan<\/strong> (attrice), <strong>Gianluca Coppola <\/strong>(neurologo), <strong>Federica Galli <\/strong>(psicoterapeuta), <strong>Viola Isabel Arena <\/strong>(paziente emicranica), <strong>Paola Boldrini <\/strong>(parlamentare) e <strong>Lara Merighi <\/strong>(mamma Lara, presidente onorario di Alleanza Cefalalgici).<\/p><p><strong>Alessandra Sorrentino<\/strong>, presidente di Alleanza Cefalalgici, chiude ogni puntata del podcast con una riflessione a partire da alcune parole (le parole dell\u2019emicrania) che riteniamo fondamentali: <strong>disabilit\u00e0 dinamica, stigma, comunicare, accettazione e fiducia.<\/strong><\/p><p>Abbiamo raccolto esperienze e storie per sfatare falsi miti e pregiudizi, ma sopratutto per legittimare chi vive ogni giorno con questa malattia: perch\u00e9 l\u2019emicrania \u00e8 molto pi\u00f9 di un semplice mal di testa!<\/p><p>Il podcast \u00e8 stato prodotto da<strong> Hypercast<\/strong> con il <strong>contributo non condizionante di AbbVie<\/strong> e ha vinto il <strong>primo premio <\/strong>nella categoria \u201cInformazione scientifica multicanale\u201d del premio \u201cEccellenze nella comunicazione scientifica e centralit\u00e0 del paziente\u201d, edizione 2025.<br \/><br \/>Il premio \u00e8 promosso dall\u2019Osservatorio Comunicazione Medico Scientifica (OCMS) con il patrocinio di FNOMCeO, SIMG, Cittadinanzattiva e Farmindustria, con il contributo non condizionato di Merqurio e Medi-Pragma. La principale caratteristica del Premio \u00e8 valorizzare i progetti che hanno generato un reale beneficio per la salute dei cittadini e un decisivo progresso verso l\u2019affermazione della centralit\u00e0 del paziente, affidando la scelta delle eccellenze ai reali fruitori dei messaggi informativi: i medici, cui spetta in concreto la cura dei pazienti.<\/p>\t\t\t\t\t\t\t\t<\/div>\n\t\t\t\t<\/div>\n\t\t\t\t<div class=\"elementor-element elementor-element-0c51b74 elementor-align-center elementor-widget elementor-widget-button\" data-id=\"0c51b74\" data-element_type=\"widget\" data-widget_type=\"button.default\">\n\t\t\t\t<div class=\"elementor-widget-container\">\n\t\t\t\t\t\t\t\t\t<div class=\"elementor-button-wrapper\">\n\t\t\t\t\t<a class=\"elementor-button elementor-button-link elementor-size-sm\" href=\"https:\/\/open.spotify.com\/show\/5EzMA0n2xaWeZQjC59ObFb?si=6fd227f76954450b\">\n\t\t\t\t\t\t<span class=\"elementor-button-content-wrapper\">\n\t\t\t\t\t\t<span class=\"elementor-button-icon\">\n\t\t\t\t<svg aria-hidden=\"true\" class=\"e-font-icon-svg e-fab-spotify\" viewBox=\"0 0 496 512\" xmlns=\"http:\/\/www.w3.org\/2000\/svg\"><path d=\"M248 8C111.1 8 0 119.1 0 256s111.1 248 248 248 248-111.1 248-248S384.9 8 248 8zm100.7 364.9c-4.2 0-6.8-1.3-10.7-3.6-62.4-37.6-135-39.2-206.7-24.5-3.9 1-9 2.6-11.9 2.6-9.7 0-15.8-7.7-15.8-15.8 0-10.3 6.1-15.2 13.6-16.8 81.9-18.1 165.6-16.5 237 26.2 6.1 3.9 9.7 7.4 9.7 16.5s-7.1 15.4-15.2 15.4zm26.9-65.6c-5.2 0-8.7-2.3-12.3-4.2-62.5-37-155.7-51.9-238.6-29.4-4.8 1.3-7.4 2.6-11.9 2.6-10.7 0-19.4-8.7-19.4-19.4s5.2-17.8 15.5-20.7c27.8-7.8 56.2-13.6 97.8-13.6 64.9 0 127.6 16.1 177 45.5 8.1 4.8 11.3 11 11.3 19.7-.1 10.8-8.5 19.5-19.4 19.5zm31-76.2c-5.2 0-8.4-1.3-12.9-3.9-71.2-42.5-198.5-52.7-280.9-29.7-3.6 1-8.1 2.6-12.9 2.6-13.2 0-23.3-10.3-23.3-23.6 0-13.6 8.4-21.3 17.4-23.9 35.2-10.3 74.6-15.2 117.5-15.2 73 0 149.5 15.2 205.4 47.8 7.8 4.5 12.9 10.7 12.9 22.6 0 13.6-11 23.3-23.2 23.3z\"><\/path><\/svg>\t\t\t<\/span>\n\t\t\t\t\t\t\t\t\t<span class=\"elementor-button-text\">Ascolta il Podcast su Spotify<\/span>\n\t\t\t\t\t<\/span>\n\t\t\t\t\t<\/a>\n\t\t\t\t<\/div>\n\t\t\t\t\t\t\t\t<\/div>\n\t\t\t\t<\/div>\n\t\t\t\t\t<\/div>\n\t\t\t\t<\/div>\n\t\t\t\t<\/div>\n\t\t","protected":false},"excerpt":{"rendered":"<p>Mal di testa: il primo podcast sull\u2019emicrania Giuditta Pini, firmataria della legge sul riconoscimento dell\u2019emicrania come malattia sociale, e Cristina Tassorelli, Professoressa Ordinaria di Neurologia presso l\u2019Universit\u00e0 di Pavia, conducono il podcast a cui hanno preso parte Simona Guerzoni (farmacologa clinica), Veronika Logan (attrice), Gianluca Coppola (neurologo), Federica Galli (psicoterapeuta), Viola Isabel Arena (paziente emicranica), Paola Boldrini (parlamentare) e Lara Merighi (mamma Lara, presidente onorario di Alleanza Cefalalgici). Alessandra Sorrentino, presidente di Alleanza Cefalalgici, chiude ogni puntata del podcast con una riflessione a partire da alcune parole (le parole dell\u2019emicrania) che riteniamo fondamentali: disabilit\u00e0 dinamica, stigma, comunicare, accettazione e fiducia. Abbiamo raccolto esperienze e storie per sfatare falsi miti e pregiudizi, ma sopratutto per legittimare chi vive ogni giorno con questa malattia: perch\u00e9 l\u2019emicrania \u00e8 molto pi\u00f9 di un semplice mal di testa! Il podcast \u00e8 stato prodotto da Hypercast con il contributo non condizionante di AbbVie e ha vinto il primo premio nella categoria \u201cInformazione scientifica multicanale\u201d del premio \u201cEccellenze nella comunicazione scientifica e centralit\u00e0 del paziente\u201d, edizione 2025. Il premio \u00e8 promosso dall\u2019Osservatorio Comunicazione Medico Scientifica (OCMS) con il patrocinio di FNOMCeO, SIMG, Cittadinanzattiva e Farmindustria, con il contributo non condizionato di Merqurio e Medi-Pragma. La principale caratteristica del Premio \u00e8 valorizzare i progetti che hanno generato un reale beneficio per la salute dei cittadini e un decisivo progresso verso l\u2019affermazione della centralit\u00e0 del paziente, affidando la scelta delle eccellenze ai reali fruitori dei messaggi informativi: i medici, cui spetta in concreto la cura dei pazienti. Ascolta il Podcast su Spotify<\/p>\n","protected":false},"author":1,"featured_media":0,"parent":0,"menu_order":0,"comment_status":"closed","ping_status":"closed","template":"","meta":{"footnotes":""},"class_list":["post-15269","page","type-page","status-publish","hentry"],"_links":{"self":[{"href":"https:\/\/alleanzacefalalgici.it\/index.php?rest_route=\/wp\/v2\/pages\/15269","targetHints":{"allow":["GET"]}}],"collection":[{"href":"https:\/\/alleanzacefalalgici.it\/index.php?rest_route=\/wp\/v2\/pages"}],"about":[{"href":"https:\/\/alleanzacefalalgici.it\/index.php?rest_route=\/wp\/v2\/types\/page"}],"author":[{"embeddable":true,"href":"https:\/\/alleanzacefalalgici.it\/index.php?rest_route=\/wp\/v2\/users\/1"}],"replies":[{"embeddable":true,"href":"https:\/\/alleanzacefalalgici.it\/index.php?rest_route=%2Fwp%2Fv2%2Fcomments&post=15269"}],"version-history":[{"count":4,"href":"https:\/\/alleanzacefalalgici.it\/index.php?rest_route=\/wp\/v2\/pages\/15269\/revisions"}],"predecessor-version":[{"id":15273,"href":"https:\/\/alleanzacefalalgici.it\/index.php?rest_route=\/wp\/v2\/pages\/15269\/revisions\/15273"}],"wp:attachment":[{"href":"https:\/\/alleanzacefalalgici.it\/index.php?rest_route=%2Fwp%2Fv2%2Fmedia&parent=15269"}],"curies":[{"name":"wp","href":"https:\/\/api.w.org\/{rel}","templated":true}]}}